{"id":398,"date":"2024-05-21T15:50:40","date_gmt":"2024-05-21T15:50:40","guid":{"rendered":"https:\/\/kineservice.org\/?page_id=398"},"modified":"2024-05-23T15:02:05","modified_gmt":"2024-05-23T15:02:05","slug":"vacuotherapie","status":"publish","type":"page","link":"http:\/\/kineservice.org\/?page_id=398","title":{"rendered":"Vacuoth\u00e9rapie"},"content":{"rendered":"\t\t<div data-elementor-type=\"wp-page\" data-elementor-id=\"398\" class=\"elementor elementor-398\">\n\t\t\t\t\t\t<section class=\"elementor-section elementor-top-section elementor-element elementor-element-f4a8d2c elementor-section-boxed elementor-section-height-default elementor-section-height-default\" data-id=\"f4a8d2c\" data-element_type=\"section\">\n\t\t\t\t\t\t<div class=\"elementor-container elementor-column-gap-default\">\n\t\t\t\t\t<div class=\"elementor-column elementor-col-50 elementor-top-column elementor-element elementor-element-d3bbaf8\" data-id=\"d3bbaf8\" data-element_type=\"column\">\n\t\t\t<div class=\"elementor-widget-wrap elementor-element-populated\">\n\t\t\t\t\t\t<div class=\"elementor-element elementor-element-9d204ed elementor-widget elementor-widget-text-editor\" data-id=\"9d204ed\" data-element_type=\"widget\" data-widget_type=\"text-editor.default\">\n\t\t\t\t<div class=\"elementor-widget-container\">\n\t\t\t<style>\/*! elementor - v3.21.0 - 30-04-2024 *\/\n.elementor-widget-text-editor.elementor-drop-cap-view-stacked .elementor-drop-cap{background-color:#69727d;color:#fff}.elementor-widget-text-editor.elementor-drop-cap-view-framed .elementor-drop-cap{color:#69727d;border:3px solid;background-color:transparent}.elementor-widget-text-editor:not(.elementor-drop-cap-view-default) .elementor-drop-cap{margin-top:8px}.elementor-widget-text-editor:not(.elementor-drop-cap-view-default) .elementor-drop-cap-letter{width:1em;height:1em}.elementor-widget-text-editor .elementor-drop-cap{float:left;text-align:center;line-height:1;font-size:50px}.elementor-widget-text-editor .elementor-drop-cap-letter{display:inline-block}<\/style>\t\t\t\t<ul><li>Traitement th\u00e9rapeutique rhumatologique\u00a0: Cervicales, fesses, dos et lombaires<\/li><li>Traitement th\u00e9rapeutique des sportifs : Tendinites, entorses<\/li><li>Traitement th\u00e9rapeutique de cicatrisation : Cicatrices traumatiques, post-op\u00e9ratoires<\/li><li>Traitement esth\u00e9tique : Cellulite, D\u00e9tente, Lift Visage<\/li><\/ul><p>La <strong>vacuoth\u00e9rapie (ou d\u00e9pressoth\u00e9rapie)<\/strong> est une technique pr\u00e9cise de massage instrumental. Elle permet de reproduire \u00e0 l&rsquo;identique le massage manuel du praticien, assurant la r\u00e9gularit\u00e9 des mouvements. L\u2019appareil de <strong>d\u00e9pressoth\u00e9rapie<\/strong> traite les tissus gr\u00e2ce \u00e0 une ventouse transparente, permettant de voir l&rsquo;effet du massage sur la peau. Ce mouvement assouplit et d\u00e9fibrose la peau, favorisant la <strong>disparition des cicatrices traumatiques ou post-op\u00e9ratoires<\/strong>. Ce traitement r\u00e9duit les douleurs et g\u00e9n\u00e8re un regain de souplesse. La cicatrice s&rsquo;efface peu \u00e0 peu et la peau redevient claire, indolore et plane. La <strong>d\u00e9pressoth\u00e9rapie<\/strong> permet \u00e9galement de r\u00e9aliser des traitements esth\u00e9tiques. Son action favorise le drainage lymphatique, r\u00e9active la circulation sanguine et \u00e9limine peu \u00e0 peu la cellulite et l&rsquo;aspect \u00ab\u00a0peau d&rsquo;orange\u00a0\u00bb. Il est \u00e9galement pr\u00e9conis\u00e9 dans le cadre d&rsquo;une r\u00e9\u00e9ducation sportive, suite \u00e0 une blessure articulaire.<\/p>\t\t\t\t\t\t<\/div>\n\t\t\t\t<\/div>\n\t\t\t\t\t<\/div>\n\t\t<\/div>\n\t\t\t\t<div class=\"elementor-column elementor-col-50 elementor-top-column elementor-element elementor-element-7219939\" data-id=\"7219939\" data-element_type=\"column\" data-settings=\"{&quot;background_background&quot;:&quot;classic&quot;}\">\n\t\t\t<div class=\"elementor-widget-wrap\">\n\t\t\t\t\t\t\t<\/div>\n\t\t<\/div>\n\t\t\t\t\t<\/div>\n\t\t<\/section>\n\t\t\t\t<\/div>\n\t\t","protected":false},"excerpt":{"rendered":"<p>Traitement th\u00e9rapeutique rhumatologique\u00a0: Cervicales, fesses, dos et lombaires Traitement th\u00e9rapeutique des sportifs : Tendinites, entorses Traitement th\u00e9rapeutique de cicatrisation : Cicatrices traumatiques, post-op\u00e9ratoires Traitement esth\u00e9tique : Cellulite, D\u00e9tente, Lift Visage La vacuoth\u00e9rapie (ou d\u00e9pressoth\u00e9rapie) est une technique pr\u00e9cise de massage instrumental. Elle permet de reproduire \u00e0 l&rsquo;identique le massage manuel du praticien, assurant la r\u00e9gularit\u00e9 [&hellip;]<\/p>\n","protected":false},"author":1,"featured_media":683,"parent":0,"menu_order":0,"comment_status":"closed","ping_status":"closed","template":"","meta":{"footnotes":""},"class_list":["post-398","page","type-page","status-publish","has-post-thumbnail","hentry"],"_links":{"self":[{"href":"http:\/\/kineservice.org\/index.php?rest_route=\/wp\/v2\/pages\/398","targetHints":{"allow":["GET"]}}],"collection":[{"href":"http:\/\/kineservice.org\/index.php?rest_route=\/wp\/v2\/pages"}],"about":[{"href":"http:\/\/kineservice.org\/index.php?rest_route=\/wp\/v2\/types\/page"}],"author":[{"embeddable":true,"href":"http:\/\/kineservice.org\/index.php?rest_route=\/wp\/v2\/users\/1"}],"replies":[{"embeddable":true,"href":"http:\/\/kineservice.org\/index.php?rest_route=%2Fwp%2Fv2%2Fcomments&post=398"}],"version-history":[{"count":10,"href":"http:\/\/kineservice.org\/index.php?rest_route=\/wp\/v2\/pages\/398\/revisions"}],"predecessor-version":[{"id":693,"href":"http:\/\/kineservice.org\/index.php?rest_route=\/wp\/v2\/pages\/398\/revisions\/693"}],"wp:featuredmedia":[{"embeddable":true,"href":"http:\/\/kineservice.org\/index.php?rest_route=\/wp\/v2\/media\/683"}],"wp:attachment":[{"href":"http:\/\/kineservice.org\/index.php?rest_route=%2Fwp%2Fv2%2Fmedia&parent=398"}],"curies":[{"name":"wp","href":"https:\/\/api.w.org\/{rel}","templated":true}]}}