{"id":394,"date":"2024-05-21T15:49:59","date_gmt":"2024-05-21T15:49:59","guid":{"rendered":"https:\/\/kineservice.org\/?page_id=394"},"modified":"2024-05-23T14:34:36","modified_gmt":"2024-05-23T14:34:36","slug":"therapie-par-inversion","status":"publish","type":"page","link":"http:\/\/kineservice.org\/?page_id=394","title":{"rendered":"Th\u00e9rapie par inversion"},"content":{"rendered":"\t\t<div data-elementor-type=\"wp-page\" data-elementor-id=\"394\" class=\"elementor elementor-394\">\n\t\t\t\t\t\t<section class=\"elementor-section elementor-top-section elementor-element elementor-element-8f0e9ea elementor-section-boxed elementor-section-height-default elementor-section-height-default\" data-id=\"8f0e9ea\" data-element_type=\"section\">\n\t\t\t\t\t\t<div class=\"elementor-container elementor-column-gap-default\">\n\t\t\t\t\t<div class=\"elementor-column elementor-col-50 elementor-top-column elementor-element elementor-element-da048fb\" data-id=\"da048fb\" data-element_type=\"column\">\n\t\t\t<div class=\"elementor-widget-wrap elementor-element-populated\">\n\t\t\t\t\t\t<div class=\"elementor-element elementor-element-e05204e elementor-widget elementor-widget-text-editor\" data-id=\"e05204e\" data-element_type=\"widget\" data-widget_type=\"text-editor.default\">\n\t\t\t\t<div class=\"elementor-widget-container\">\n\t\t\t<style>\/*! elementor - v3.21.0 - 30-04-2024 *\/\n.elementor-widget-text-editor.elementor-drop-cap-view-stacked .elementor-drop-cap{background-color:#69727d;color:#fff}.elementor-widget-text-editor.elementor-drop-cap-view-framed .elementor-drop-cap{color:#69727d;border:3px solid;background-color:transparent}.elementor-widget-text-editor:not(.elementor-drop-cap-view-default) .elementor-drop-cap{margin-top:8px}.elementor-widget-text-editor:not(.elementor-drop-cap-view-default) .elementor-drop-cap-letter{width:1em;height:1em}.elementor-widget-text-editor .elementor-drop-cap{float:left;text-align:center;line-height:1;font-size:50px}.elementor-widget-text-editor .elementor-drop-cap-letter{display:inline-block}<\/style>\t\t\t\t<p>D\u00e9compression des articulations au niveau des chevilles<\/p><p>D\u00e9compression des articulations au niveau des genoux<\/p><p>D\u00e9compression des articulations au niveau des hanches<\/p><p>D\u00e9compression du bassin et de l\u2019articulation Sacro-iliaque<\/p><p>D\u00e9compression compl\u00e8te des vert\u00e8bres et de la colonne vert\u00e9brale<\/p><p>Soulager les douleurs lombaires et cervicales<\/p><p>Am\u00e9lioration de la circulation sanguine<\/p><p>Am\u00e9lioration de la posture\/ R\u00e9tablir l\u2019\u00e9quilibre de la sym\u00e9trie du corps<\/p><p>Raideur et inflammation des articulations<\/p><p>Pressions sur les racines des nerfs, sur les nerfs, sur le bassin<\/p><p>Am\u00e9liorer la flexibilit\u00e9<\/p><p>Douleurs de type sciatique<\/p><p>D\u00e9compresser apr\u00e8s le travail<\/p>\t\t\t\t\t\t<\/div>\n\t\t\t\t<\/div>\n\t\t\t\t\t<\/div>\n\t\t<\/div>\n\t\t\t\t<div class=\"elementor-column elementor-col-50 elementor-top-column elementor-element elementor-element-a8ba78d\" data-id=\"a8ba78d\" data-element_type=\"column\">\n\t\t\t<div class=\"elementor-widget-wrap\">\n\t\t\t\t\t\t\t<\/div>\n\t\t<\/div>\n\t\t\t\t\t<\/div>\n\t\t<\/section>\n\t\t\t\t<\/div>\n\t\t","protected":false},"excerpt":{"rendered":"<p>D\u00e9compression des articulations au niveau des chevilles D\u00e9compression des articulations au niveau des genoux D\u00e9compression des articulations au niveau des hanches D\u00e9compression du bassin et de l\u2019articulation Sacro-iliaque D\u00e9compression compl\u00e8te des vert\u00e8bres et de la colonne vert\u00e9brale Soulager les douleurs lombaires et cervicales Am\u00e9lioration de la circulation sanguine Am\u00e9lioration de la posture\/ R\u00e9tablir l\u2019\u00e9quilibre de [&hellip;]<\/p>\n","protected":false},"author":1,"featured_media":679,"parent":0,"menu_order":0,"comment_status":"closed","ping_status":"closed","template":"","meta":{"footnotes":""},"class_list":["post-394","page","type-page","status-publish","has-post-thumbnail","hentry"],"_links":{"self":[{"href":"http:\/\/kineservice.org\/index.php?rest_route=\/wp\/v2\/pages\/394","targetHints":{"allow":["GET"]}}],"collection":[{"href":"http:\/\/kineservice.org\/index.php?rest_route=\/wp\/v2\/pages"}],"about":[{"href":"http:\/\/kineservice.org\/index.php?rest_route=\/wp\/v2\/types\/page"}],"author":[{"embeddable":true,"href":"http:\/\/kineservice.org\/index.php?rest_route=\/wp\/v2\/users\/1"}],"replies":[{"embeddable":true,"href":"http:\/\/kineservice.org\/index.php?rest_route=%2Fwp%2Fv2%2Fcomments&post=394"}],"version-history":[{"count":4,"href":"http:\/\/kineservice.org\/index.php?rest_route=\/wp\/v2\/pages\/394\/revisions"}],"predecessor-version":[{"id":682,"href":"http:\/\/kineservice.org\/index.php?rest_route=\/wp\/v2\/pages\/394\/revisions\/682"}],"wp:featuredmedia":[{"embeddable":true,"href":"http:\/\/kineservice.org\/index.php?rest_route=\/wp\/v2\/media\/679"}],"wp:attachment":[{"href":"http:\/\/kineservice.org\/index.php?rest_route=%2Fwp%2Fv2%2Fmedia&parent=394"}],"curies":[{"name":"wp","href":"https:\/\/api.w.org\/{rel}","templated":true}]}}