{"id":390,"date":"2024-05-21T15:48:58","date_gmt":"2024-05-21T15:48:58","guid":{"rendered":"https:\/\/kineservice.org\/?page_id=390"},"modified":"2024-05-23T15:08:05","modified_gmt":"2024-05-23T15:08:05","slug":"reflexologie-plantaire","status":"publish","type":"page","link":"http:\/\/kineservice.org\/?page_id=390","title":{"rendered":"R\u00e9flexologie plantaire"},"content":{"rendered":"\t\t<div data-elementor-type=\"wp-page\" data-elementor-id=\"390\" class=\"elementor elementor-390\">\n\t\t\t\t\t\t<section class=\"elementor-section elementor-top-section elementor-element elementor-element-7e1f1b4 elementor-section-boxed elementor-section-height-default elementor-section-height-default\" data-id=\"7e1f1b4\" data-element_type=\"section\">\n\t\t\t\t\t\t<div class=\"elementor-container elementor-column-gap-default\">\n\t\t\t\t\t<div class=\"elementor-column elementor-col-50 elementor-top-column elementor-element elementor-element-1237a94\" data-id=\"1237a94\" data-element_type=\"column\">\n\t\t\t<div class=\"elementor-widget-wrap elementor-element-populated\">\n\t\t\t\t\t\t<div class=\"elementor-element elementor-element-78d38d9 elementor-widget elementor-widget-text-editor\" data-id=\"78d38d9\" data-element_type=\"widget\" data-widget_type=\"text-editor.default\">\n\t\t\t\t<div class=\"elementor-widget-container\">\n\t\t\t<style>\/*! elementor - v3.21.0 - 30-04-2024 *\/\n.elementor-widget-text-editor.elementor-drop-cap-view-stacked .elementor-drop-cap{background-color:#69727d;color:#fff}.elementor-widget-text-editor.elementor-drop-cap-view-framed .elementor-drop-cap{color:#69727d;border:3px solid;background-color:transparent}.elementor-widget-text-editor:not(.elementor-drop-cap-view-default) .elementor-drop-cap{margin-top:8px}.elementor-widget-text-editor:not(.elementor-drop-cap-view-default) .elementor-drop-cap-letter{width:1em;height:1em}.elementor-widget-text-editor .elementor-drop-cap{float:left;text-align:center;line-height:1;font-size:50px}.elementor-widget-text-editor .elementor-drop-cap-letter{display:inline-block}<\/style>\t\t\t\t<p>Dynamisme de l&rsquo;organisme ;<\/p><p>Harmonisation des fonctions vitales ;<\/p><p>Lib\u00e9ration du stress et des tensions nerveuses ;<\/p><p>Soulagement des tensions du dos et autres douleurs ;<\/p><p>Am\u00e9lioration de la circulation sanguine ;<\/p><p>D\u00e9tente et relaxation profonde ;<\/p><p>Elimination des toxines ;<\/p><p>Activation du syst\u00e8me lymphatique<\/p><p>D\u00e9contraction des muscles<\/p><p>D\u00e9contraction mentale ;<\/p><p>Evacuation des \u00e9motions n\u00e9gatives<\/p>\t\t\t\t\t\t<\/div>\n\t\t\t\t<\/div>\n\t\t\t\t\t<\/div>\n\t\t<\/div>\n\t\t\t\t<div class=\"elementor-column elementor-col-50 elementor-top-column elementor-element elementor-element-7a45bac\" data-id=\"7a45bac\" data-element_type=\"column\" data-settings=\"{&quot;background_background&quot;:&quot;classic&quot;}\">\n\t\t\t<div class=\"elementor-widget-wrap\">\n\t\t\t\t\t\t\t<\/div>\n\t\t<\/div>\n\t\t\t\t\t<\/div>\n\t\t<\/section>\n\t\t\t\t<\/div>\n\t\t","protected":false},"excerpt":{"rendered":"<p>Dynamisme de l&rsquo;organisme ; Harmonisation des fonctions vitales ; Lib\u00e9ration du stress et des tensions nerveuses ; Soulagement des tensions du dos et autres douleurs ; Am\u00e9lioration de la circulation sanguine ; D\u00e9tente et relaxation profonde ; Elimination des toxines ; Activation du syst\u00e8me lymphatique D\u00e9contraction des muscles D\u00e9contraction mentale ; Evacuation des \u00e9motions n\u00e9gatives<\/p>\n","protected":false},"author":1,"featured_media":672,"parent":0,"menu_order":0,"comment_status":"closed","ping_status":"closed","template":"","meta":{"footnotes":""},"class_list":["post-390","page","type-page","status-publish","has-post-thumbnail","hentry"],"_links":{"self":[{"href":"http:\/\/kineservice.org\/index.php?rest_route=\/wp\/v2\/pages\/390","targetHints":{"allow":["GET"]}}],"collection":[{"href":"http:\/\/kineservice.org\/index.php?rest_route=\/wp\/v2\/pages"}],"about":[{"href":"http:\/\/kineservice.org\/index.php?rest_route=\/wp\/v2\/types\/page"}],"author":[{"embeddable":true,"href":"http:\/\/kineservice.org\/index.php?rest_route=\/wp\/v2\/users\/1"}],"replies":[{"embeddable":true,"href":"http:\/\/kineservice.org\/index.php?rest_route=%2Fwp%2Fv2%2Fcomments&post=390"}],"version-history":[{"count":10,"href":"http:\/\/kineservice.org\/index.php?rest_route=\/wp\/v2\/pages\/390\/revisions"}],"predecessor-version":[{"id":701,"href":"http:\/\/kineservice.org\/index.php?rest_route=\/wp\/v2\/pages\/390\/revisions\/701"}],"wp:featuredmedia":[{"embeddable":true,"href":"http:\/\/kineservice.org\/index.php?rest_route=\/wp\/v2\/media\/672"}],"wp:attachment":[{"href":"http:\/\/kineservice.org\/index.php?rest_route=%2Fwp%2Fv2%2Fmedia&parent=390"}],"curies":[{"name":"wp","href":"https:\/\/api.w.org\/{rel}","templated":true}]}}