{"id":386,"date":"2024-05-21T15:48:25","date_gmt":"2024-05-21T15:48:25","guid":{"rendered":"https:\/\/kineservice.org\/?page_id=386"},"modified":"2024-05-23T15:05:31","modified_gmt":"2024-05-23T15:05:31","slug":"relaxation","status":"publish","type":"page","link":"http:\/\/kineservice.org\/?page_id=386","title":{"rendered":"Relaxation"},"content":{"rendered":"\t\t<div data-elementor-type=\"wp-page\" data-elementor-id=\"386\" class=\"elementor elementor-386\">\n\t\t\t\t\t\t<section class=\"elementor-section elementor-top-section elementor-element elementor-element-2cfd91c elementor-section-boxed elementor-section-height-default elementor-section-height-default\" data-id=\"2cfd91c\" data-element_type=\"section\">\n\t\t\t\t\t\t<div class=\"elementor-container elementor-column-gap-default\">\n\t\t\t\t\t<div class=\"elementor-column elementor-col-50 elementor-top-column elementor-element elementor-element-e876353\" data-id=\"e876353\" data-element_type=\"column\">\n\t\t\t<div class=\"elementor-widget-wrap elementor-element-populated\">\n\t\t\t\t\t\t<div class=\"elementor-element elementor-element-64ca06e elementor-widget elementor-widget-text-editor\" data-id=\"64ca06e\" data-element_type=\"widget\" data-widget_type=\"text-editor.default\">\n\t\t\t\t<div class=\"elementor-widget-container\">\n\t\t\t<style>\/*! elementor - v3.21.0 - 30-04-2024 *\/\n.elementor-widget-text-editor.elementor-drop-cap-view-stacked .elementor-drop-cap{background-color:#69727d;color:#fff}.elementor-widget-text-editor.elementor-drop-cap-view-framed .elementor-drop-cap{color:#69727d;border:3px solid;background-color:transparent}.elementor-widget-text-editor:not(.elementor-drop-cap-view-default) .elementor-drop-cap{margin-top:8px}.elementor-widget-text-editor:not(.elementor-drop-cap-view-default) .elementor-drop-cap-letter{width:1em;height:1em}.elementor-widget-text-editor .elementor-drop-cap{float:left;text-align:center;line-height:1;font-size:50px}.elementor-widget-text-editor .elementor-drop-cap-letter{display:inline-block}<\/style>\t\t\t\t<p>\u00c9limination du stress, de la d\u00e9pression et des autres signes de nervosit\u00e9.<\/p><p>R\u00e9gulation la tension art\u00e9rielle.<\/p><p>Apaisement de certains troubles li\u00e9s aux maladies cardio-vasculaires.<\/p><p>Soulagement des probl\u00e8mes respiratoires graves comme l&rsquo;asthme.<\/p><p>Optimisation des capacit\u00e9s intellectuelles du patient gr\u00e2ce notamment \u00e0 l&rsquo;\u00e9limination du stress.<\/p><p>Diminution voire \u00e9limination des troubles li\u00e9s \u00e0 la d\u00e9pression et la d\u00e9prime<\/p><p>Mise \u00e0 terme de l&rsquo;insomnie<\/p>\t\t\t\t\t\t<\/div>\n\t\t\t\t<\/div>\n\t\t\t\t\t<\/div>\n\t\t<\/div>\n\t\t\t\t<div class=\"elementor-column elementor-col-50 elementor-top-column elementor-element elementor-element-64e3cd5\" data-id=\"64e3cd5\" data-element_type=\"column\" data-settings=\"{&quot;background_background&quot;:&quot;classic&quot;}\">\n\t\t\t<div class=\"elementor-widget-wrap\">\n\t\t\t\t\t\t\t<\/div>\n\t\t<\/div>\n\t\t\t\t\t<\/div>\n\t\t<\/section>\n\t\t\t\t<\/div>\n\t\t","protected":false},"excerpt":{"rendered":"<p>\u00c9limination du stress, de la d\u00e9pression et des autres signes de nervosit\u00e9. R\u00e9gulation la tension art\u00e9rielle. Apaisement de certains troubles li\u00e9s aux maladies cardio-vasculaires. Soulagement des probl\u00e8mes respiratoires graves comme l&rsquo;asthme. Optimisation des capacit\u00e9s intellectuelles du patient gr\u00e2ce notamment \u00e0 l&rsquo;\u00e9limination du stress. Diminution voire \u00e9limination des troubles li\u00e9s \u00e0 la d\u00e9pression et la d\u00e9prime [&hellip;]<\/p>\n","protected":false},"author":1,"featured_media":668,"parent":0,"menu_order":0,"comment_status":"closed","ping_status":"closed","template":"","meta":{"footnotes":""},"class_list":["post-386","page","type-page","status-publish","has-post-thumbnail","hentry"],"_links":{"self":[{"href":"http:\/\/kineservice.org\/index.php?rest_route=\/wp\/v2\/pages\/386","targetHints":{"allow":["GET"]}}],"collection":[{"href":"http:\/\/kineservice.org\/index.php?rest_route=\/wp\/v2\/pages"}],"about":[{"href":"http:\/\/kineservice.org\/index.php?rest_route=\/wp\/v2\/types\/page"}],"author":[{"embeddable":true,"href":"http:\/\/kineservice.org\/index.php?rest_route=\/wp\/v2\/users\/1"}],"replies":[{"embeddable":true,"href":"http:\/\/kineservice.org\/index.php?rest_route=%2Fwp%2Fv2%2Fcomments&post=386"}],"version-history":[{"count":7,"href":"http:\/\/kineservice.org\/index.php?rest_route=\/wp\/v2\/pages\/386\/revisions"}],"predecessor-version":[{"id":697,"href":"http:\/\/kineservice.org\/index.php?rest_route=\/wp\/v2\/pages\/386\/revisions\/697"}],"wp:featuredmedia":[{"embeddable":true,"href":"http:\/\/kineservice.org\/index.php?rest_route=\/wp\/v2\/media\/668"}],"wp:attachment":[{"href":"http:\/\/kineservice.org\/index.php?rest_route=%2Fwp%2Fv2%2Fmedia&parent=386"}],"curies":[{"name":"wp","href":"https:\/\/api.w.org\/{rel}","templated":true}]}}