{"id":359,"date":"2024-05-21T15:44:15","date_gmt":"2024-05-21T15:44:15","guid":{"rendered":"https:\/\/kineservice.org\/?page_id=359"},"modified":"2024-05-23T11:48:04","modified_gmt":"2024-05-23T11:48:04","slug":"neurologie","status":"publish","type":"page","link":"http:\/\/kineservice.org\/?page_id=359","title":{"rendered":"Neurologie"},"content":{"rendered":"\t\t<div data-elementor-type=\"wp-page\" data-elementor-id=\"359\" class=\"elementor elementor-359\">\n\t\t\t\t\t\t<section class=\"elementor-section elementor-top-section elementor-element elementor-element-ae2d0c7 elementor-section-stretched elementor-section-boxed elementor-section-height-default elementor-section-height-default\" data-id=\"ae2d0c7\" data-element_type=\"section\" data-settings=\"{&quot;stretch_section&quot;:&quot;section-stretched&quot;}\">\n\t\t\t\t\t\t<div class=\"elementor-container elementor-column-gap-default\">\n\t\t\t\t\t<div class=\"elementor-column elementor-col-100 elementor-top-column elementor-element elementor-element-3fdbdff\" data-id=\"3fdbdff\" data-element_type=\"column\">\n\t\t\t<div class=\"elementor-widget-wrap elementor-element-populated\">\n\t\t\t\t\t\t<div class=\"elementor-element elementor-element-fa6ef4c elementor-widget elementor-widget-text-editor\" data-id=\"fa6ef4c\" data-element_type=\"widget\" data-widget_type=\"text-editor.default\">\n\t\t\t\t<div class=\"elementor-widget-container\">\n\t\t\t<style>\/*! elementor - v3.21.0 - 30-04-2024 *\/\n.elementor-widget-text-editor.elementor-drop-cap-view-stacked .elementor-drop-cap{background-color:#69727d;color:#fff}.elementor-widget-text-editor.elementor-drop-cap-view-framed .elementor-drop-cap{color:#69727d;border:3px solid;background-color:transparent}.elementor-widget-text-editor:not(.elementor-drop-cap-view-default) .elementor-drop-cap{margin-top:8px}.elementor-widget-text-editor:not(.elementor-drop-cap-view-default) .elementor-drop-cap-letter{width:1em;height:1em}.elementor-widget-text-editor .elementor-drop-cap{float:left;text-align:center;line-height:1;font-size:50px}.elementor-widget-text-editor .elementor-drop-cap-letter{display:inline-block}<\/style>\t\t\t\t<p>Atteintes centrales et p\u00e9riph\u00e9riques, depuis les h\u00e9mi, para, et T\u00e9trapl\u00e9gies aux paralysies faciales de toute origine, n\u00e9vralgies cervico-brachiales, s\u00e9quelles d\u2019injection, sciatique poplit\u00e9e externe et plexus brachial.<\/p>\t\t\t\t\t\t<\/div>\n\t\t\t\t<\/div>\n\t\t\t\t\t<\/div>\n\t\t<\/div>\n\t\t\t\t\t<\/div>\n\t\t<\/section>\n\t\t\t\t<\/div>\n\t\t","protected":false},"excerpt":{"rendered":"<p>Atteintes centrales et p\u00e9riph\u00e9riques, depuis les h\u00e9mi, para, et T\u00e9trapl\u00e9gies aux paralysies faciales de toute origine, n\u00e9vralgies cervico-brachiales, s\u00e9quelles d\u2019injection, sciatique poplit\u00e9e externe et plexus brachial.<\/p>\n","protected":false},"author":1,"featured_media":637,"parent":0,"menu_order":0,"comment_status":"closed","ping_status":"closed","template":"","meta":{"footnotes":""},"class_list":["post-359","page","type-page","status-publish","has-post-thumbnail","hentry"],"_links":{"self":[{"href":"http:\/\/kineservice.org\/index.php?rest_route=\/wp\/v2\/pages\/359","targetHints":{"allow":["GET"]}}],"collection":[{"href":"http:\/\/kineservice.org\/index.php?rest_route=\/wp\/v2\/pages"}],"about":[{"href":"http:\/\/kineservice.org\/index.php?rest_route=\/wp\/v2\/types\/page"}],"author":[{"embeddable":true,"href":"http:\/\/kineservice.org\/index.php?rest_route=\/wp\/v2\/users\/1"}],"replies":[{"embeddable":true,"href":"http:\/\/kineservice.org\/index.php?rest_route=%2Fwp%2Fv2%2Fcomments&post=359"}],"version-history":[{"count":10,"href":"http:\/\/kineservice.org\/index.php?rest_route=\/wp\/v2\/pages\/359\/revisions"}],"predecessor-version":[{"id":647,"href":"http:\/\/kineservice.org\/index.php?rest_route=\/wp\/v2\/pages\/359\/revisions\/647"}],"wp:featuredmedia":[{"embeddable":true,"href":"http:\/\/kineservice.org\/index.php?rest_route=\/wp\/v2\/media\/637"}],"wp:attachment":[{"href":"http:\/\/kineservice.org\/index.php?rest_route=%2Fwp%2Fv2%2Fmedia&parent=359"}],"curies":[{"name":"wp","href":"https:\/\/api.w.org\/{rel}","templated":true}]}}