{"id":356,"date":"2024-05-21T15:44:15","date_gmt":"2024-05-21T15:44:15","guid":{"rendered":"https:\/\/kineservice.org\/?page_id=356"},"modified":"2024-05-23T15:13:56","modified_gmt":"2024-05-23T15:13:56","slug":"rhumatologie","status":"publish","type":"page","link":"http:\/\/kineservice.org\/?page_id=356","title":{"rendered":"Rhumatologie"},"content":{"rendered":"\t\t<div data-elementor-type=\"wp-page\" data-elementor-id=\"356\" class=\"elementor elementor-356\">\n\t\t\t\t\t\t<section class=\"elementor-section elementor-top-section elementor-element elementor-element-a50fe5d elementor-section-boxed elementor-section-height-default elementor-section-height-default\" data-id=\"a50fe5d\" data-element_type=\"section\">\n\t\t\t\t\t\t<div class=\"elementor-container elementor-column-gap-default\">\n\t\t\t\t\t<div class=\"elementor-column elementor-col-50 elementor-top-column elementor-element elementor-element-b96549b\" data-id=\"b96549b\" data-element_type=\"column\">\n\t\t\t<div class=\"elementor-widget-wrap elementor-element-populated\">\n\t\t\t\t\t\t<div class=\"elementor-element elementor-element-a938663 elementor-widget elementor-widget-text-editor\" data-id=\"a938663\" data-element_type=\"widget\" data-widget_type=\"text-editor.default\">\n\t\t\t\t<div class=\"elementor-widget-container\">\n\t\t\t<style>\/*! elementor - v3.21.0 - 30-04-2024 *\/\n.elementor-widget-text-editor.elementor-drop-cap-view-stacked .elementor-drop-cap{background-color:#69727d;color:#fff}.elementor-widget-text-editor.elementor-drop-cap-view-framed .elementor-drop-cap{color:#69727d;border:3px solid;background-color:transparent}.elementor-widget-text-editor:not(.elementor-drop-cap-view-default) .elementor-drop-cap{margin-top:8px}.elementor-widget-text-editor:not(.elementor-drop-cap-view-default) .elementor-drop-cap-letter{width:1em;height:1em}.elementor-widget-text-editor .elementor-drop-cap{float:left;text-align:center;line-height:1;font-size:50px}.elementor-widget-text-editor .elementor-drop-cap-letter{display:inline-block}<\/style>\t\t\t\t<p>Arthrose et arthrite, depuis les crisses de pouss\u00e9es inflammatoires aux phases s\u00e9quellaires, particuli\u00e8rement les lombalgies ont droit \u00e0 l\u2019ergonomie du dos dans leur prise en charge afin de corriger leurs mauvaises habitudes d\u2019utilisation du dos.<\/p>\t\t\t\t\t\t<\/div>\n\t\t\t\t<\/div>\n\t\t\t\t\t<\/div>\n\t\t<\/div>\n\t\t\t\t<div class=\"elementor-column elementor-col-50 elementor-top-column elementor-element elementor-element-b69a964\" data-id=\"b69a964\" data-element_type=\"column\" data-settings=\"{&quot;background_background&quot;:&quot;classic&quot;}\">\n\t\t\t<div class=\"elementor-widget-wrap\">\n\t\t\t\t\t\t\t<\/div>\n\t\t<\/div>\n\t\t\t\t\t<\/div>\n\t\t<\/section>\n\t\t\t\t<\/div>\n\t\t","protected":false},"excerpt":{"rendered":"<p>Arthrose et arthrite, depuis les crisses de pouss\u00e9es inflammatoires aux phases s\u00e9quellaires, particuli\u00e8rement les lombalgies ont droit \u00e0 l\u2019ergonomie du dos dans leur prise en charge afin de corriger leurs mauvaises habitudes d\u2019utilisation du dos.<\/p>\n","protected":false},"author":1,"featured_media":619,"parent":0,"menu_order":0,"comment_status":"closed","ping_status":"closed","template":"","meta":{"footnotes":""},"class_list":["post-356","page","type-page","status-publish","has-post-thumbnail","hentry"],"_links":{"self":[{"href":"http:\/\/kineservice.org\/index.php?rest_route=\/wp\/v2\/pages\/356","targetHints":{"allow":["GET"]}}],"collection":[{"href":"http:\/\/kineservice.org\/index.php?rest_route=\/wp\/v2\/pages"}],"about":[{"href":"http:\/\/kineservice.org\/index.php?rest_route=\/wp\/v2\/types\/page"}],"author":[{"embeddable":true,"href":"http:\/\/kineservice.org\/index.php?rest_route=\/wp\/v2\/users\/1"}],"replies":[{"embeddable":true,"href":"http:\/\/kineservice.org\/index.php?rest_route=%2Fwp%2Fv2%2Fcomments&post=356"}],"version-history":[{"count":10,"href":"http:\/\/kineservice.org\/index.php?rest_route=\/wp\/v2\/pages\/356\/revisions"}],"predecessor-version":[{"id":706,"href":"http:\/\/kineservice.org\/index.php?rest_route=\/wp\/v2\/pages\/356\/revisions\/706"}],"wp:featuredmedia":[{"embeddable":true,"href":"http:\/\/kineservice.org\/index.php?rest_route=\/wp\/v2\/media\/619"}],"wp:attachment":[{"href":"http:\/\/kineservice.org\/index.php?rest_route=%2Fwp%2Fv2%2Fmedia&parent=356"}],"curies":[{"name":"wp","href":"https:\/\/api.w.org\/{rel}","templated":true}]}}